{"id":260,"date":"2023-05-17T07:52:03","date_gmt":"2023-05-17T05:52:03","guid":{"rendered":"https:\/\/boimatic.es\/contactar\/"},"modified":"2023-09-12T09:07:44","modified_gmt":"2023-09-12T07:07:44","slug":"contactar","status":"publish","type":"page","link":"https:\/\/boimatic.es\/ca\/contactar\/","title":{"rendered":"Contactar"},"content":{"rendered":"<style>.kb-row-layout-wrap.wp-block-kadence-rowlayout.kb-row-layout-id_04f069-ca{margin-bottom:0px;}.kb-row-layout-id_04f069-ca > .kt-row-column-wrap{align-content:start;}:where(.kb-row-layout-id_04f069-ca > .kt-row-column-wrap) > .wp-block-kadence-column{justify-content:start;}.kb-row-layout-id_04f069-ca > .kt-row-column-wrap{column-gap:var(--global-kb-gap-md, 2rem);row-gap:var(--global-kb-gap-md, 2rem);padding-top:var(--global-kb-spacing-sm, 1.5rem);padding-bottom:var(--global-kb-spacing-sm, 1.5rem);grid-template-columns:minmax(0, 1fr);}.kb-row-layout-id_04f069-ca > .kt-row-layout-overlay{opacity:0.30;}@media all and (max-width: 1024px){.kb-row-layout-id_04f069-ca > .kt-row-column-wrap{grid-template-columns:minmax(0, 1fr);}}@media all and (max-width: 767px){.kb-row-layout-id_04f069-ca > .kt-row-column-wrap{grid-template-columns:minmax(0, 1fr);}}<\/style><div class=\"kb-row-layout-wrap kb-row-layout-id_04f069-ca alignnone wp-block-kadence-rowlayout\"><div class=\"kt-row-column-wrap kt-has-1-columns kt-row-layout-equal kt-tab-layout-inherit kt-mobile-layout-row kt-row-valign-top\">\n<style>.kadence-column_604378-5e > .kt-inside-inner-col,.kadence-column_604378-5e > .kt-inside-inner-col:before{border-top-left-radius:0px;border-top-right-radius:0px;border-bottom-right-radius:0px;border-bottom-left-radius:0px;}.kadence-column_604378-5e > .kt-inside-inner-col:before{opacity:0.3;}.kadence-column_604378-5e{position:relative;}<\/style>\n<div class=\"wp-block-kadence-column kadence-column_604378-5e\"><div class=\"kt-inside-inner-col\"><style>.wp-block-kadence-advancedheading.kt-adv-heading_d766bb-f9, .wp-block-kadence-advancedheading.kt-adv-heading_d766bb-f9[data-kb-block=\"kb-adv-heading_d766bb-f9\"]{font-size:var(--global-kb-font-size-lg, 2rem);font-style:normal;}.wp-block-kadence-advancedheading.kt-adv-heading_d766bb-f9 mark, .wp-block-kadence-advancedheading.kt-adv-heading_d766bb-f9[data-kb-block=\"kb-adv-heading_d766bb-f9\"] mark{font-style:normal;color:#f76a0c;padding-top:0px;padding-right:0px;padding-bottom:0px;padding-left:0px;}<\/style>\n<h1 class=\"kt-adv-heading_d766bb-f9 wp-block-kadence-advancedheading\" data-kb-block=\"kb-adv-heading_d766bb-f9\"><strong>Contacta amb Boimatic<\/strong><\/h1>\n\n\n\n<p>Si tens alguna pregunta, comentari o simplement desitges posar-te en contacte amb nosaltres, no dubtis a fer-ho. Som aqu\u00ed per a ajudar-te en el que necessitis.<\/p>\n\n\n<style>.kb-row-layout-wrap.wp-block-kadence-rowlayout.kb-row-layout-id_87a103-0f{margin-bottom:0px;}.kb-row-layout-id_87a103-0f > .kt-row-column-wrap{align-content:start;}:where(.kb-row-layout-id_87a103-0f > .kt-row-column-wrap) > .wp-block-kadence-column{justify-content:start;}.kb-row-layout-id_87a103-0f > .kt-row-column-wrap{column-gap:var(--global-kb-gap-lg, 4rem);row-gap:var(--global-kb-gap-lg, 4rem);max-width:860px;margin-left:auto;margin-right:auto;padding-top:var(--global-kb-spacing-xl, 4rem);padding-bottom:var(--global-kb-spacing-xl, 4rem);grid-template-columns:minmax(0, 1fr);}.kb-row-layout-id_87a103-0f{background-color:rgba(42,178,217,0.03);}.kb-row-layout-id_87a103-0f > .kt-row-layout-overlay{opacity:0.30;}.kb-row-layout-id_87a103-0f ,.kb-row-layout-id_87a103-0f h1,.kb-row-layout-id_87a103-0f h2,.kb-row-layout-id_87a103-0f h3,.kb-row-layout-id_87a103-0f h4,.kb-row-layout-id_87a103-0f h5,.kb-row-layout-id_87a103-0f h6{color:var(--contrast);}.kb-row-layout-id_87a103-0f a{color:var(--global-palette9, #ffffff);}.kb-row-layout-id_87a103-0f a:hover{color:var(--global-palette8, #F7FAFC);}@media all and (max-width: 1024px){.kb-row-layout-id_87a103-0f > .kt-row-column-wrap{padding-bottom:var(--global-kb-spacing-xl, 4rem);grid-template-columns:minmax(0, 1fr);}}@media all and (max-width: 767px){.kb-row-layout-id_87a103-0f > .kt-row-column-wrap{grid-template-columns:minmax(0, 1fr);}}<\/style><div class=\"kb-row-layout-wrap kb-row-layout-id_87a103-0f alignfull kt-row-has-bg wp-block-kadence-rowlayout\" id=\"contactar\"><div class=\"kt-row-column-wrap kt-has-1-columns kt-row-layout-equal kt-tab-layout-inherit kt-mobile-layout-row kt-row-valign-top\">\n<style>.kadence-column_ad2a9d-52 > .kt-inside-inner-col,.kadence-column_ad2a9d-52 > .kt-inside-inner-col:before{border-top-left-radius:0px;border-top-right-radius:0px;border-bottom-right-radius:0px;border-bottom-left-radius:0px;}.kadence-column_ad2a9d-52 > .kt-inside-inner-col:before{opacity:0.3;}.kadence-column_ad2a9d-52{position:relative;}<\/style>\n<div class=\"wp-block-kadence-column kadence-column_ad2a9d-52\"><div class=\"kt-inside-inner-col\">\n<div class=\"wpcf7 no-js\" id=\"wpcf7-f273-o1\" lang=\"ca\" dir=\"ltr\">\n<div class=\"screen-reader-response\"><p role=\"status\" aria-live=\"polite\" aria-atomic=\"true\"><\/p> <ul><\/ul><\/div>\n<form action=\"\/ca\/wp-json\/wp\/v2\/pages\/260#wpcf7-f273-o1\" method=\"post\" class=\"wpcf7-form init\" aria-label=\"Formulari de contacte\" novalidate=\"novalidate\" data-status=\"init\">\n<div style=\"display: none;\">\n<input type=\"hidden\" name=\"_wpcf7\" value=\"273\" \/>\n<input type=\"hidden\" name=\"_wpcf7_version\" value=\"5.7.7\" \/>\n<input type=\"hidden\" name=\"_wpcf7_locale\" value=\"ca\" \/>\n<input type=\"hidden\" name=\"_wpcf7_unit_tag\" value=\"wpcf7-f273-o1\" \/>\n<input type=\"hidden\" name=\"_wpcf7_container_post\" value=\"0\" \/>\n<input type=\"hidden\" name=\"_wpcf7_posted_data_hash\" value=\"\" \/>\n<input type=\"hidden\" name=\"_wpcf7cf_hidden_group_fields\" value=\"[]\" \/>\n<input type=\"hidden\" name=\"_wpcf7cf_hidden_groups\" value=\"[]\" \/>\n<input type=\"hidden\" name=\"_wpcf7cf_visible_groups\" value=\"[]\" \/>\n<input type=\"hidden\" name=\"_wpcf7cf_repeaters\" value=\"[]\" \/>\n<input type=\"hidden\" name=\"_wpcf7cf_steps\" value=\"{}\" \/>\n<input type=\"hidden\" name=\"_wpcf7cf_options\" value=\"{&quot;form_id&quot;:273,&quot;conditions&quot;:[],&quot;settings&quot;:{&quot;animation&quot;:&quot;yes&quot;,&quot;animation_intime&quot;:200,&quot;animation_outtime&quot;:200,&quot;conditions_ui&quot;:&quot;normal&quot;,&quot;notice_dismissed&quot;:false}}\" \/>\n<\/div>\n<p><label> Nom i cognoms<br \/>\n<span class=\"wpcf7-form-control-wrap\" data-name=\"your-name\"><input size=\"80\" class=\"wpcf7-form-control wpcf7-text wpcf7-validates-as-required\" autocomplete=\"name\" aria-required=\"true\" aria-invalid=\"false\" value=\"\" type=\"text\" name=\"your-name\" \/><\/span> <\/label>\n<\/p>\n<p><label> Correu electr\u00f2nic<br \/>\n<span class=\"wpcf7-form-control-wrap\" data-name=\"your-email\"><input size=\"80\" class=\"wpcf7-form-control wpcf7-text wpcf7-email wpcf7-validates-as-required wpcf7-validates-as-email\" autocomplete=\"email\" aria-required=\"true\" aria-invalid=\"false\" value=\"\" type=\"email\" name=\"your-email\" \/><\/span> <\/label>\n<\/p>\n<p><label> Tel\u00e8fon<br \/>\n<span class=\"wpcf7-form-control-wrap\" data-name=\"telefono\"><input size=\"40\" class=\"wpcf7-form-control wpcf7-text wpcf7-validates-as-required\" aria-required=\"true\" aria-invalid=\"false\" value=\"\" type=\"text\" name=\"telefono\" \/><\/span> <\/label>\n<\/p>\n<p><span class=\"wpcf7-form-control-wrap\" data-name=\"opciones\"><span class=\"wpcf7-form-control wpcf7-radio\"><span class=\"wpcf7-list-item first\"><label><input type=\"radio\" name=\"opciones\" value=\"Tengo un bar y me gustar\u00eda tener informaci\u00f3n sobre m\u00e1quinas recreativas\" checked=\"checked\" \/><span class=\"wpcf7-list-item-label\">Tengo un bar y me gustar\u00eda tener informaci\u00f3n sobre m\u00e1quinas recreativas<\/span><\/label><\/span><span class=\"wpcf7-list-item\"><label><input type=\"radio\" name=\"opciones\" value=\"Busco un local para abrir un bar\" \/><span class=\"wpcf7-list-item-label\">Busco un local para abrir un bar<\/span><\/label><\/span><span class=\"wpcf7-list-item last\"><label><input type=\"radio\" name=\"opciones\" value=\"Otros\" \/><span class=\"wpcf7-list-item-label\">Otros<\/span><\/label><\/span><\/span><\/span>\n<\/p>\n<div data-id=\"Otros\" data-orig_data_id=\"Otros\"  data-class=\"wpcf7cf_group\">\n\t<p><label> Explica'ns breument<br \/>\n<span class=\"wpcf7-form-control-wrap\" data-name=\"text-540\"><input size=\"80\" class=\"wpcf7-form-control wpcf7-text\" aria-invalid=\"false\" value=\"\" type=\"text\" name=\"text-540\" \/><\/span><\/label>\n\t<\/p>\n<\/div>\n<p><label> El teu missatge (opcional)<br \/>\n<span class=\"wpcf7-form-control-wrap\" data-name=\"your-message\"><textarea cols=\"40\" rows=\"10\" class=\"wpcf7-form-control wpcf7-textarea\" aria-invalid=\"false\" name=\"your-message\"><\/textarea><\/span> <\/label>\n<\/p>\n<p>Informaci\u00f3 b\u00e0sica sobre protecci\u00f3 de dades<br \/>\nResponable del tractament: BOIMATIC, S.L.<br \/>\nFinalitat del tractament: Atendre i gestionar les sol\u00b7licituds d'informaci\u00f3 rebudes.<br \/>\nDrets: Pot exercir els seus drets en protecci\u00f3 de dades a trav\u00e9s del mail boimatic@boimatic.com<br \/>\nPer a m\u00e9s informaci\u00f3 sobre el tractament de les seves dades i els seus drets pot consultar la nostra pol\u00edtica completa de protecci\u00f3 de dades aqu\u00ed <a href=\"\/politica-privacidad\/\">Pol\u00edtica de privacitat<\/a>\n<\/p>\n<p><span class=\"wpcf7-form-control-wrap\" data-name=\"checkbox-379\"><span class=\"wpcf7-form-control wpcf7-checkbox\"><span class=\"wpcf7-list-item first last\"><label><input type=\"checkbox\" name=\"checkbox-379[]\" value=\"He le\u00eddo y acepto la pol\u00edtica de protecci\u00f3n de datos\" \/><span class=\"wpcf7-list-item-label\">He le\u00eddo y acepto la pol\u00edtica de protecci\u00f3n de datos<\/span><\/label><\/span><\/span><\/span><br \/>\n<input class=\"wpcf7-form-control has-spinner wpcf7-submit\" type=\"submit\" value=\"Enviar\" \/>\n<\/p><p style=\"display: none !important;\" class=\"akismet-fields-container\" data-prefix=\"_wpcf7_ak_\"><label>&#916;<textarea name=\"_wpcf7_ak_hp_textarea\" cols=\"45\" rows=\"8\" maxlength=\"100\"><\/textarea><\/label><input type=\"hidden\" id=\"ak_js_1\" name=\"_wpcf7_ak_js\" value=\"237\"\/><script>document.getElementById( \"ak_js_1\" ).setAttribute( \"value\", ( new Date() ).getTime() );<\/script><\/p><div class=\"wpcf7-response-output\" aria-hidden=\"true\"><\/div>\n<\/form>\n<\/div>\n\n<\/div><\/div>\n\n<\/div><\/div><\/div><\/div>\n\n<\/div><\/div>","protected":false},"excerpt":{"rendered":"<p>Contacta amb Boimatic Si tens alguna pregunta, comentari o simplement desitges posar-te en contacte amb nosaltres, no dubtis a fer-ho. Som aqu\u00ed per a ajudar-te en el que necessitis.<\/p>\n","protected":false},"author":4,"featured_media":0,"parent":0,"menu_order":0,"comment_status":"closed","ping_status":"closed","template":"","meta":{"_kad_blocks_custom_css":"","_kad_blocks_head_custom_js":"","_kad_blocks_body_custom_js":"","_kad_blocks_footer_custom_js":"","footnotes":""},"class_list":["post-260","page","type-page","status-publish"],"featured_image_src_large":false,"author_info":{"display_name":"Javier","author_link":"https:\/\/boimatic.es\/ca\/author\/gpc-studio\/"},"comment_info":0,"taxonomy_info":[],"_links":{"self":[{"href":"https:\/\/boimatic.es\/ca\/wp-json\/wp\/v2\/pages\/260","targetHints":{"allow":["GET"]}}],"collection":[{"href":"https:\/\/boimatic.es\/ca\/wp-json\/wp\/v2\/pages"}],"about":[{"href":"https:\/\/boimatic.es\/ca\/wp-json\/wp\/v2\/types\/page"}],"author":[{"embeddable":true,"href":"https:\/\/boimatic.es\/ca\/wp-json\/wp\/v2\/users\/4"}],"replies":[{"embeddable":true,"href":"https:\/\/boimatic.es\/ca\/wp-json\/wp\/v2\/comments?post=260"}],"version-history":[{"count":1,"href":"https:\/\/boimatic.es\/ca\/wp-json\/wp\/v2\/pages\/260\/revisions"}],"predecessor-version":[{"id":261,"href":"https:\/\/boimatic.es\/ca\/wp-json\/wp\/v2\/pages\/260\/revisions\/261"}],"wp:attachment":[{"href":"https:\/\/boimatic.es\/ca\/wp-json\/wp\/v2\/media?parent=260"}],"curies":[{"name":"wp","href":"https:\/\/api.w.org\/{rel}","templated":true}]}}